{"id":132,"date":"2024-10-02T07:55:56","date_gmt":"2024-10-02T05:55:56","guid":{"rendered":"https:\/\/katalizatory-dolnoslaskie.pl\/?page_id=132"},"modified":"2024-10-02T07:57:39","modified_gmt":"2024-10-02T05:57:39","slug":"punkty-skupu","status":"publish","type":"page","link":"https:\/\/katalizatory-dolnoslaskie.pl\/index.php\/punkty-skupu\/","title":{"rendered":"Punkty skupu"},"content":{"rendered":"\n<p><small>Wojew\u00f3dztwo Dolno\u015bl\u0105skie<\/small><\/p>\n\n\n\n<h1 class=\"wp-block-heading\">Mi\u0142osz<\/h1>\n\n\n\n<p><strong>Adres:<\/strong> dolno\u015bl\u0105skie, Polska <\/p>\n\n\n\n<p><strong>Obszar dzia\u0142ania:<\/strong> Wroc\u0142aw i inne miasta <\/p>\n\n\n\n<p><strong>Numer telefonu:<\/strong> <a href=\"tel:577 874 631\">577 874 631<\/a> <\/p>\n\n\n\n<p><strong>Adres email:<\/strong> <a href=\"mailto:miloszkatwro@gmail.com\">miloszkatwro@gmail.com<\/a> <\/p>\n\n\n\n<p><strong>Godziny otwarcia:<\/strong><\/p>\n\n\n\n<ul class=\"wp-block-list\">\n<li>Pn-Pt: 10:00 &#8211; 18:00<\/li>\n\n\n\n<li>Sobota: 10:00 &#8211; 18:00<\/li>\n\n\n\n<li>Niedziela: Zamkni\u0119te<\/li>\n<\/ul>\n","protected":false},"excerpt":{"rendered":"<p>Wojew\u00f3dztwo Dolno\u015bl\u0105skie Mi\u0142osz Adres: dolno\u015bl\u0105skie, Polska Obszar dzia\u0142ania: Wroc\u0142aw i inne miasta Numer telefonu: 577 874 631 Adres email: miloszkatwro@gmail.com Godziny otwarcia:<\/p>\n","protected":false},"author":1,"featured_media":0,"parent":0,"menu_order":0,"comment_status":"closed","ping_status":"closed","template":"","meta":{"footnotes":""},"class_list":["post-132","page","type-page","status-publish","hentry"],"_links":{"self":[{"href":"https:\/\/katalizatory-dolnoslaskie.pl\/index.php\/wp-json\/wp\/v2\/pages\/132","targetHints":{"allow":["GET"]}}],"collection":[{"href":"https:\/\/katalizatory-dolnoslaskie.pl\/index.php\/wp-json\/wp\/v2\/pages"}],"about":[{"href":"https:\/\/katalizatory-dolnoslaskie.pl\/index.php\/wp-json\/wp\/v2\/types\/page"}],"author":[{"embeddable":true,"href":"https:\/\/katalizatory-dolnoslaskie.pl\/index.php\/wp-json\/wp\/v2\/users\/1"}],"replies":[{"embeddable":true,"href":"https:\/\/katalizatory-dolnoslaskie.pl\/index.php\/wp-json\/wp\/v2\/comments?post=132"}],"version-history":[{"count":2,"href":"https:\/\/katalizatory-dolnoslaskie.pl\/index.php\/wp-json\/wp\/v2\/pages\/132\/revisions"}],"predecessor-version":[{"id":135,"href":"https:\/\/katalizatory-dolnoslaskie.pl\/index.php\/wp-json\/wp\/v2\/pages\/132\/revisions\/135"}],"wp:attachment":[{"href":"https:\/\/katalizatory-dolnoslaskie.pl\/index.php\/wp-json\/wp\/v2\/media?parent=132"}],"curies":[{"name":"wp","href":"https:\/\/api.w.org\/{rel}","templated":true}]}}